{"id":2847,"date":"2023-04-13T15:47:34","date_gmt":"2023-04-13T15:47:34","guid":{"rendered":"https:\/\/animaliadeza.es\/?page_id=2847"},"modified":"2023-11-21T11:47:52","modified_gmt":"2023-11-21T11:47:52","slug":"instalaciones","status":"publish","type":"page","link":"https:\/\/animaliadeza.es\/en\/instalaciones\/","title":{"rendered":"Facilities"},"content":{"rendered":"<section class=\"wpb-content-wrapper\"><div class=\"vc_row wpb_row vc_row-fluid\"><div class=\"wpb_column vc_column_container vc_col-sm-12\"><div class=\"vc_column-inner vc_custom_1498405407322\"><div class=\"wpb_wrapper\"><div class=\"vc_row wpb_row vc_inner vc_row-fluid vc_custom_1681401950927\"><div class=\"wpb_column vc_column_container vc_col-sm-4\"><div class=\"vc_column-inner\"><div class=\"wpb_wrapper\"><div class=\"kd-photobox\" ><div class=\"photobox-img\"><img loading=\"lazy\" decoding=\"async\" width=\"900\" height=\"600\" src=\"https:\/\/animaliadeza.es\/wp-content\/uploads\/2023\/04\/sala-de-espera.jpg\" class=\"attachment-full\" alt=\"\" title=\"waiting room\" srcset=\"https:\/\/animaliadeza.es\/wp-content\/uploads\/2023\/04\/sala-de-espera.jpg 900w, https:\/\/animaliadeza.es\/wp-content\/uploads\/2023\/04\/sala-de-espera-300x200.jpg 300w, https:\/\/animaliadeza.es\/wp-content\/uploads\/2023\/04\/sala-de-espera-768x512.jpg 768w\" sizes=\"auto, (max-width: 900px) 100vw, 900px\" \/><\/div><div class=\"phb-content text-left\" style=\"background-color: #f2f2f2;\">\n                  <h4 >Waiting room and specialized shop<\/h4>\n                  <p >In our waiting room you can find all the products you need for the care and attention of your pet<\/p><div class=\"phb-btncontainer\">\n                          <a href=\"https:\/\/animaliadeza.es\/en\/instalaciones\/\"  title=\"Facilities\" class=\"tt_button\">see installation<\/a>\n                      <\/div><\/div><\/div><\/div><\/div><\/div><div class=\"wpb_column vc_column_container vc_col-sm-4\"><div class=\"vc_column-inner\"><div class=\"wpb_wrapper\"><div class=\"kd-photobox\" ><div class=\"photobox-img\"><img loading=\"lazy\" decoding=\"async\" width=\"900\" height=\"600\" src=\"https:\/\/animaliadeza.es\/wp-content\/uploads\/2023\/04\/consulta.jpg\" class=\"attachment-full\" alt=\"\" title=\"consultation\" srcset=\"https:\/\/animaliadeza.es\/wp-content\/uploads\/2023\/04\/consulta.jpg 900w, https:\/\/animaliadeza.es\/wp-content\/uploads\/2023\/04\/consulta-300x200.jpg 300w, https:\/\/animaliadeza.es\/wp-content\/uploads\/2023\/04\/consulta-768x512.jpg 768w\" sizes=\"auto, (max-width: 900px) 100vw, 900px\" \/><\/div><div class=\"phb-content text-left\" style=\"background-color: #f2f2f2;\">\n                  <h4 >inquiries<\/h4>\n                  <p >It has two offices fully equipped with exploration and diagnostic equipment for companion animals.<\/p><div class=\"phb-btncontainer\">\n                          <a href=\"https:\/\/animaliadeza.es\/en\/instalaciones\/\"  title=\"Facilities\" class=\"tt_button\">see installation<\/a>\n                      <\/div><\/div><\/div><\/div><\/div><\/div><div class=\"wpb_column vc_column_container vc_col-sm-4\"><div class=\"vc_column-inner\"><div class=\"wpb_wrapper\"><div class=\"kd-photobox\" ><div class=\"photobox-img\"><img loading=\"lazy\" decoding=\"async\" width=\"900\" height=\"600\" src=\"https:\/\/animaliadeza.es\/wp-content\/uploads\/2023\/04\/quirofano.jpg\" class=\"attachment-full\" alt=\"\" title=\"operating room\" srcset=\"https:\/\/animaliadeza.es\/wp-content\/uploads\/2023\/04\/quirofano.jpg 900w, https:\/\/animaliadeza.es\/wp-content\/uploads\/2023\/04\/quirofano-300x200.jpg 300w, https:\/\/animaliadeza.es\/wp-content\/uploads\/2023\/04\/quirofano-768x512.jpg 768w\" sizes=\"auto, (max-width: 900px) 100vw, 900px\" \/><\/div><div class=\"phb-content text-left\" style=\"background-color: #f2f2f2;\">\n                  <h4 >operating room<\/h4>\n                  <p >Equipped to carry out all types of surgical interventions<\/p><div class=\"phb-btncontainer\">\n                          <a href=\"https:\/\/animaliadeza.es\/en\/instalaciones\/\"  title=\"Facilities\" class=\"tt_button\">see installation<\/a>\n                      <\/div><\/div><\/div><\/div><\/div><\/div><\/div><div class=\"vc_row wpb_row vc_inner vc_row-fluid vc_custom_1681401928097 vc_row-o-content-middle vc_row-flex\"><div class=\"wpb_column vc_column_container vc_col-sm-4\"><div class=\"vc_column-inner\"><div class=\"wpb_wrapper\"><div class=\"kd-photobox\" ><div class=\"photobox-img\"><img loading=\"lazy\" decoding=\"async\" width=\"900\" height=\"600\" src=\"https:\/\/animaliadeza.es\/wp-content\/uploads\/2023\/04\/laboratorio.jpg\" class=\"attachment-full\" alt=\"\" title=\"laboratory\" srcset=\"https:\/\/animaliadeza.es\/wp-content\/uploads\/2023\/04\/laboratorio.jpg 900w, https:\/\/animaliadeza.es\/wp-content\/uploads\/2023\/04\/laboratorio-300x200.jpg 300w, https:\/\/animaliadeza.es\/wp-content\/uploads\/2023\/04\/laboratorio-768x512.jpg 768w\" sizes=\"auto, (max-width: 900px) 100vw, 900px\" \/><\/div><div class=\"phb-content text-left\" style=\"background-color: #f2f2f2;\">\n                  <h4 >Laboratory<\/h4>\n                  <p >It has equipment for hematology, biochemical determination, centrifuge and electrolyte measurement, among others.<\/p><div class=\"phb-btncontainer\">\n                          <a href=\"https:\/\/animaliadeza.es\/en\/instalaciones\/\"  title=\"Facilities\" class=\"tt_button\">see installation<\/a>\n                      <\/div><\/div><\/div><\/div><\/div><\/div><div class=\"wpb_column vc_column_container vc_col-sm-4\"><div class=\"vc_column-inner\"><div class=\"wpb_wrapper\"><div class=\"kd-photobox\" ><div class=\"photobox-img\"><img loading=\"lazy\" decoding=\"async\" width=\"900\" height=\"600\" src=\"https:\/\/animaliadeza.es\/wp-content\/uploads\/2023\/04\/hospital.jpg\" class=\"attachment-full\" alt=\"\" title=\"hospital\" srcset=\"https:\/\/animaliadeza.es\/wp-content\/uploads\/2023\/04\/hospital.jpg 900w, https:\/\/animaliadeza.es\/wp-content\/uploads\/2023\/04\/hospital-300x200.jpg 300w, https:\/\/animaliadeza.es\/wp-content\/uploads\/2023\/04\/hospital-768x512.jpg 768w\" sizes=\"auto, (max-width: 900px) 100vw, 900px\" \/><\/div><div class=\"phb-content text-left\" style=\"background-color: #f2f2f2;\">\n                  <h4 >Hospitalization<\/h4>\n                  <p >Comfortable and hygienic hospitalization area for patients who must remain hospitalized<\/p><div class=\"phb-btncontainer\">\n                          <a href=\"https:\/\/animaliadeza.es\/en\/instalaciones\/\"  title=\"Facilities\" class=\"tt_button\">see installation<\/a>\n                      <\/div><\/div><\/div><\/div><\/div><\/div><\/div><\/div><\/div><\/div><\/div>\n<\/section>","protected":false},"excerpt":{"rendered":"Sala de espera y tienda especializada En nuestra sala de espera podr\u00e1s encontrar todos los productos que necesites para el cuidado y atenci\u00f3n [...]","protected":false},"author":1,"featured_media":2850,"parent":0,"menu_order":0,"comment_status":"closed","ping_status":"closed","template":"","meta":{"footnotes":""},"class_list":["post-2847","page","type-page","status-publish","has-post-thumbnail","hentry"],"yoast_head":"<!-- This site is optimized with the Yoast SEO plugin v21.5 - https:\/\/yoast.com\/wordpress\/plugins\/seo\/ -->\n<title>Cl\u00ednica Veterinaria en Lal\u00edn | Equipamiento de Vanguardia<\/title>\n<meta name=\"description\" content=\"Tu Cl\u00ednica Veterinaria en Lal\u00edn. En Animalia Deza, ofrecemos un entorno seguro y equipamiento de \u00faltima generaci\u00f3n para el cuidado de tu mascota.\" \/>\n<meta name=\"robots\" content=\"index, follow, max-snippet:-1, max-image-preview:large, max-video-preview:-1\" \/>\n<link rel=\"canonical\" href=\"https:\/\/animaliadeza.es\/en\/instalaciones\/\" \/>\n<meta property=\"og:locale\" content=\"en_GB\" \/>\n<meta property=\"og:type\" content=\"article\" \/>\n<meta property=\"og:title\" content=\"Cl\u00ednica Veterinaria en Lal\u00edn | Equipamiento de Vanguardia\" \/>\n<meta property=\"og:description\" content=\"Tu Cl\u00ednica Veterinaria en Lal\u00edn. En Animalia Deza, ofrecemos un entorno seguro y equipamiento de \u00faltima generaci\u00f3n para el cuidado de tu mascota.\" \/>\n<meta property=\"og:url\" content=\"https:\/\/animaliadeza.es\/en\/instalaciones\/\" \/>\n<meta property=\"og:site_name\" content=\"Animalia Deza Centro Veterinario - Veterinario en Lal\u00edn\" \/>\n<meta property=\"article:modified_time\" content=\"2023-11-21T11:47:52+00:00\" \/>\n<meta property=\"og:image\" content=\"https:\/\/animaliadeza.es\/wp-content\/uploads\/2023\/04\/parallax3.jpg\" \/>\n\t<meta property=\"og:image:width\" content=\"1920\" \/>\n\t<meta property=\"og:image:height\" content=\"300\" \/>\n\t<meta property=\"og:image:type\" content=\"image\/jpeg\" \/>\n<meta name=\"twitter:card\" content=\"summary_large_image\" \/>\n<meta name=\"twitter:label1\" content=\"Estimated reading time\" \/>\n\t<meta name=\"twitter:data1\" content=\"1 minute\" \/>\n<script type=\"application\/ld+json\" class=\"yoast-schema-graph\">{\"@context\":\"https:\/\/schema.org\",\"@graph\":[{\"@type\":\"WebPage\",\"@id\":\"https:\/\/animaliadeza.es\/instalaciones\/\",\"url\":\"https:\/\/animaliadeza.es\/instalaciones\/\",\"name\":\"Cl\u00ednica Veterinaria en Lal\u00edn | Equipamiento de Vanguardia\",\"isPartOf\":{\"@id\":\"https:\/\/animaliadeza.es\/#website\"},\"datePublished\":\"2023-04-13T15:47:34+00:00\",\"dateModified\":\"2023-11-21T11:47:52+00:00\",\"description\":\"Tu Cl\u00ednica Veterinaria en Lal\u00edn. En Animalia Deza, ofrecemos un entorno seguro y equipamiento de \u00faltima generaci\u00f3n para el cuidado de tu mascota.\",\"breadcrumb\":{\"@id\":\"https:\/\/animaliadeza.es\/instalaciones\/#breadcrumb\"},\"inLanguage\":\"en-GB\",\"potentialAction\":[{\"@type\":\"ReadAction\",\"target\":[\"https:\/\/animaliadeza.es\/instalaciones\/\"]}]},{\"@type\":\"BreadcrumbList\",\"@id\":\"https:\/\/animaliadeza.es\/instalaciones\/#breadcrumb\",\"itemListElement\":[{\"@type\":\"ListItem\",\"position\":1,\"name\":\"Portada\",\"item\":\"https:\/\/animaliadeza.es\/\"},{\"@type\":\"ListItem\",\"position\":2,\"name\":\"Instalaciones\"}]},{\"@type\":\"WebSite\",\"@id\":\"https:\/\/animaliadeza.es\/#website\",\"url\":\"https:\/\/animaliadeza.es\/\",\"name\":\"Animalia Deza Centro Veterinario - Veterinario en Lal\u00edn\",\"description\":\"Descubra los servicios veterinarios de nuestra cl\u00ednica veterinaria en Lal\u00edn. Conf\u00ede en Animalia, su centro veterinario para perros y gatos en Lal\u00edn.\",\"potentialAction\":[{\"@type\":\"SearchAction\",\"target\":{\"@type\":\"EntryPoint\",\"urlTemplate\":\"https:\/\/animaliadeza.es\/?s={search_term_string}\"},\"query-input\":\"required name=search_term_string\"}],\"inLanguage\":\"en-GB\"}]}<\/script>\n<!-- \/ Yoast SEO plugin. -->","yoast_head_json":{"title":"Veterinary Clinic in Lal\u00edn | State-of-the-Art Equipment","description":"Your Veterinary Clinic in Lal\u00edn. At Animalia Deza, we offer a safe environment and state-of-the-art equipment for your pet&#039;s care.","robots":{"index":"index","follow":"follow","max-snippet":"max-snippet:-1","max-image-preview":"max-image-preview:large","max-video-preview":"max-video-preview:-1"},"canonical":"https:\/\/animaliadeza.es\/en\/instalaciones\/","og_locale":"en_GB","og_type":"article","og_title":"Cl\u00ednica Veterinaria en Lal\u00edn | Equipamiento de Vanguardia","og_description":"Tu Cl\u00ednica Veterinaria en Lal\u00edn. En Animalia Deza, ofrecemos un entorno seguro y equipamiento de \u00faltima generaci\u00f3n para el cuidado de tu mascota.","og_url":"https:\/\/animaliadeza.es\/en\/instalaciones\/","og_site_name":"Animalia Deza Centro Veterinario - Veterinario en Lal\u00edn","article_modified_time":"2023-11-21T11:47:52+00:00","og_image":[{"width":1920,"height":300,"url":"https:\/\/animaliadeza.es\/wp-content\/uploads\/2023\/04\/parallax3.jpg","type":"image\/jpeg"}],"twitter_card":"summary_large_image","twitter_misc":{"Estimated reading time":"1 minute"},"schema":{"@context":"https:\/\/schema.org","@graph":[{"@type":"WebPage","@id":"https:\/\/animaliadeza.es\/instalaciones\/","url":"https:\/\/animaliadeza.es\/instalaciones\/","name":"Veterinary Clinic in Lal\u00edn | State-of-the-Art Equipment","isPartOf":{"@id":"https:\/\/animaliadeza.es\/#website"},"datePublished":"2023-04-13T15:47:34+00:00","dateModified":"2023-11-21T11:47:52+00:00","description":"Your Veterinary Clinic in Lal\u00edn. At Animalia Deza, we offer a safe environment and state-of-the-art equipment for your pet&#039;s care.","breadcrumb":{"@id":"https:\/\/animaliadeza.es\/instalaciones\/#breadcrumb"},"inLanguage":"en-GB","potentialAction":[{"@type":"ReadAction","target":["https:\/\/animaliadeza.es\/instalaciones\/"]}]},{"@type":"BreadcrumbList","@id":"https:\/\/animaliadeza.es\/instalaciones\/#breadcrumb","itemListElement":[{"@type":"ListItem","position":1,"name":"Portada","item":"https:\/\/animaliadeza.es\/"},{"@type":"ListItem","position":2,"name":"Instalaciones"}]},{"@type":"WebSite","@id":"https:\/\/animaliadeza.es\/#website","url":"https:\/\/animaliadeza.es\/","name":"Animalia Deza Veterinary Center - Veterinarian in Lal\u00edn","description":"Discover the veterinary services of our veterinary clinic in Lal\u00edn. Trust Animalia, your veterinary center for dogs and cats in Lal\u00edn.","potentialAction":[{"@type":"SearchAction","target":{"@type":"EntryPoint","urlTemplate":"https:\/\/animaliadeza.es\/?s={search_term_string}"},"query-input":"required name=search_term_string"}],"inLanguage":"en-GB"}]}},"_links":{"self":[{"href":"https:\/\/animaliadeza.es\/en\/wp-json\/wp\/v2\/pages\/2847","targetHints":{"allow":["GET"]}}],"collection":[{"href":"https:\/\/animaliadeza.es\/en\/wp-json\/wp\/v2\/pages"}],"about":[{"href":"https:\/\/animaliadeza.es\/en\/wp-json\/wp\/v2\/types\/page"}],"author":[{"embeddable":true,"href":"https:\/\/animaliadeza.es\/en\/wp-json\/wp\/v2\/users\/1"}],"replies":[{"embeddable":true,"href":"https:\/\/animaliadeza.es\/en\/wp-json\/wp\/v2\/comments?post=2847"}],"version-history":[{"count":9,"href":"https:\/\/animaliadeza.es\/en\/wp-json\/wp\/v2\/pages\/2847\/revisions"}],"predecessor-version":[{"id":2974,"href":"https:\/\/animaliadeza.es\/en\/wp-json\/wp\/v2\/pages\/2847\/revisions\/2974"}],"wp:featuredmedia":[{"embeddable":true,"href":"https:\/\/animaliadeza.es\/en\/wp-json\/wp\/v2\/media\/2850"}],"wp:attachment":[{"href":"https:\/\/animaliadeza.es\/en\/wp-json\/wp\/v2\/media?parent=2847"}],"curies":[{"name":"wp","href":"https:\/\/api.w.org\/{rel}","templated":true}]}}