{"id":2481,"date":"2017-06-24T11:59:55","date_gmt":"2017-06-24T11:59:55","guid":{"rendered":"http:\/\/keydesign-themes.com\/etalon\/construction\/?page_id=2481"},"modified":"2025-05-20T11:03:07","modified_gmt":"2025-05-20T11:03:07","slug":"contacto","status":"publish","type":"page","link":"https:\/\/animaliadeza.es\/en\/contacto\/","title":{"rendered":"Contact"},"content":{"rendered":"<section class=\"wpb-content-wrapper\"><div class=\"vc_row wpb_row vc_row-fluid container vc_custom_1498484470696 vc_row-has-fill\"><div class=\"wpb_column vc_column_container vc_col-sm-6\"><div class=\"vc_column-inner vc_custom_1498484091839\"><div class=\"wpb_wrapper\"><h2 style=\"font-size: 24px;line-height: 1;text-align: left\" class=\"vc_custom_heading section-heading vc_custom_1681405491635\" >\u00bfD\u00f3nde estamos?<\/h2><p style=\"font-size: 16px;line-height: 1.6;text-align: left\" class=\"vc_custom_heading vc_custom_1681405511975\" >Puedes contactar con nosotros a trav\u00e9s de los siguientes m\u00e9todos:<\/p><div class=\"vc_row wpb_row vc_inner vc_row-fluid vc_custom_1498484977578\"><div class=\"wpb_column vc_column_container vc_col-sm-12 vc_col-xs-12\"><div class=\"vc_column-inner vc_custom_1681405808797\"><div class=\"wpb_wrapper\"><div class=\"key-icon-box icon-default icon-left cont-left  \" style=\"background-color: ;\" ><div class=\"ib-wrapper\"><i class=\"iconsmind-Phone-3 fa\" style=\" \"><\/i> <h4 class=\"service-heading\" >Cl\u00ednica: 986 79 18 79<\/h4><\/div><\/div><\/div><\/div><\/div><\/div><div class=\"vc_row wpb_row vc_inner vc_row-fluid vc_custom_1498484977578\"><div class=\"wpb_column vc_column_container vc_col-sm-12 vc_col-xs-12\"><div class=\"vc_column-inner vc_custom_1681405868714\"><div class=\"wpb_wrapper\"><div class=\"key-icon-box icon-default icon-left cont-left  \" style=\"background-color: ;\" ><div class=\"ib-wrapper\"><i class=\"iconsmind-Phone-Wifi fa\" style=\" \"><\/i> <h4 class=\"service-heading\" >Urgencias: 636 83 53 40<\/h4><\/div><\/div><\/div><\/div><\/div><\/div><div class=\"vc_row wpb_row vc_inner vc_row-fluid vc_custom_1498484977578\"><div class=\"wpb_column vc_column_container vc_col-sm-12\"><div class=\"vc_column-inner vc_custom_1498485327683\"><div class=\"wpb_wrapper\"><div class=\"key-icon-box icon-default icon-left cont-left  \" style=\"background-color: ;\" ><div class=\"ib-wrapper\"><i class=\"iconsmind-Envelope fa\" style=\" \"><\/i> <a href=\"mailto:veterinarios@animaliadeza.es\" target=\"_self\" title=\"\"><h4 class=\"service-heading\" >veterinarios@animaliadeza.com<\/h4><\/a><\/div><\/div><\/div><\/div><\/div><\/div><div class=\"vc_row wpb_row vc_inner vc_row-fluid vc_custom_1498484977578\"><div class=\"wpb_column vc_column_container vc_col-sm-12\"><div class=\"vc_column-inner vc_custom_1498485333427\"><div class=\"wpb_wrapper\"><div class=\"key-icon-box icon-default icon-left cont-left  \" style=\"background-color: ;\" ><div class=\"ib-wrapper\"><i class=\"iconsmind-Map-Marker2 fa\" style=\" \"><\/i> <h4 class=\"service-heading\" >R\u00faa Alcalde Ferreiro, 18 Bajo - 36500 Lal\u00edn \u2013 Pontevedra<\/h4><\/div><\/div><\/div><\/div><\/div><\/div><\/div><\/div><\/div><div class=\"wpb_column vc_column_container vc_col-sm-6\"><div class=\"vc_column-inner vc_custom_1498484096064\"><div class=\"wpb_wrapper\"><h2 style=\"font-size: 24px;line-height: 1;text-align: left\" class=\"vc_custom_heading section-heading vc_custom_1681405468067\" >Env\u00edanos un mensaje<\/h2><p style=\"font-size: 16px;line-height: 1.6;text-align: left\" class=\"vc_custom_heading vc_custom_1681405480958\" >Nos pondremos en contacto contigo lo antes posible.<\/p><div class=\"kd-contact-form light_background\">\n<div class=\"wpcf7 no-js\" id=\"wpcf7-f2754-o1\" lang=\"en-US\" dir=\"ltr\" data-wpcf7-id=\"2754\">\n<div class=\"screen-reader-response\"><p role=\"status\" aria-live=\"polite\" aria-atomic=\"true\"><\/p> <ul><\/ul><\/div>\n<form action=\"\/en\/wp-json\/wp\/v2\/pages\/2481#wpcf7-f2754-o1\" method=\"post\" class=\"wpcf7-form init\" aria-label=\"Contact form\" novalidate=\"novalidate\" data-status=\"init\">\n<fieldset class=\"hidden-fields-container\"><input type=\"hidden\" name=\"_wpcf7\" value=\"2754\" \/><input type=\"hidden\" name=\"_wpcf7_version\" value=\"6.1.5\" \/><input type=\"hidden\" name=\"_wpcf7_locale\" value=\"en_US\" \/><input type=\"hidden\" name=\"_wpcf7_unit_tag\" value=\"wpcf7-f2754-o1\" \/><input type=\"hidden\" name=\"_wpcf7_container_post\" value=\"0\" \/><input type=\"hidden\" name=\"_wpcf7_posted_data_hash\" value=\"\" \/>\n<\/fieldset>\n<p><span class=\"wpcf7-form-control-wrap\" data-name=\"your-message\"><textarea cols=\"40\" rows=\"10\" maxlength=\"2000\" class=\"wpcf7-form-control wpcf7-textarea wpcf7-validates-as-required\" aria-required=\"true\" aria-invalid=\"false\" placeholder=\"Mensaje*\" name=\"your-message\"><\/textarea><\/span><br \/>\n<span class=\"wpcf7-form-control-wrap\" data-name=\"your-name\"><input size=\"40\" maxlength=\"400\" class=\"wpcf7-form-control wpcf7-text wpcf7-validates-as-required\" aria-required=\"true\" aria-invalid=\"false\" placeholder=\"Nombre*\" value=\"\" type=\"text\" name=\"your-name\" \/><\/span><br \/>\n<span class=\"wpcf7-form-control-wrap\" data-name=\"your-email\"><input size=\"40\" maxlength=\"400\" class=\"wpcf7-form-control wpcf7-email wpcf7-validates-as-required wpcf7-text wpcf7-validates-as-email\" aria-required=\"true\" aria-invalid=\"false\" placeholder=\"Email*\" value=\"\" type=\"email\" name=\"your-email\" \/><\/span><br \/>\n<span class=\"wpcf7-form-control-wrap\" data-name=\"your-phone\"><input size=\"40\" maxlength=\"400\" class=\"wpcf7-form-control wpcf7-text\" aria-invalid=\"false\" placeholder=\"Tel\u00e9fono\" value=\"\" type=\"text\" name=\"your-phone\" \/><\/span><br \/>\n<input class=\"wpcf7-form-control wpcf7-submit has-spinner\" type=\"submit\" value=\"Enviar\" \/>\n<\/p><div class=\"wpcf7-response-output\" aria-hidden=\"true\"><\/div>\n<\/form>\n<\/div>\n<\/div><\/div><\/div><\/div><\/div><div class=\"vc_row wpb_row vc_row-fluid\"><div class=\"wpb_column vc_column_container vc_col-sm-12\"><div class=\"vc_column-inner\"><div class=\"wpb_wrapper\"><script>\r\n\r\n                    function initKdMap_kd69f9f58cc4cd8() {\r\n                      var map_kd69f9f58cc4cd8;\r\n                      var gmap_location_kd69f9f58cc4cd8 = new google.maps.LatLng(42.662209, -8.108524);\r\n                      var GMAP_MODULE_kd69f9f58cc4cd8 = \"customMap\";\r\n                      var featureOpts = [\r\n                          {\r\n                            stylers: [\r\n                            { \"visibility\": \"on\" },\r\n                            { \"weight\": 1 },\r\n                            { \"saturation\": -100 },\r\n                            { \"lightness\": 2.2 },\r\n                            { \"gamma\": 2.2 }\r\n                            ]\r\n                          }, {\r\n                              featureType: \"poi\",\r\n                              stylers: [\r\n                                { \"visibility\": \"off\" }\r\n                              ]\r\n                            }\r\n                        ];\r\n                      var mapOptions = {\r\n                        zoom: 15,\r\n                        center: gmap_location_kd69f9f58cc4cd8,\r\n                        scrollwheel: false,\r\n                        mapTypeControlOptions: {\r\n                          mapTypeIds: [google.maps.MapTypeId.ROADMAP, GMAP_MODULE_kd69f9f58cc4cd8]\r\n                        },\r\n                        mapTypeId: GMAP_MODULE_kd69f9f58cc4cd8\r\n                      };\r\n                      map_kd69f9f58cc4cd8 = new google.maps.Map(document.getElementById(\"kd69f9f58cc4cd8\"), mapOptions);\r\n                      marker_kd69f9f58cc4cd8 = new google.maps.Marker({\r\n                        map: map_kd69f9f58cc4cd8,\r\n                        url: \"https:\/\/www.google.com\/maps\/@42.662209,-8.108524,15z\",\r\n                        draggable: false,\r\n                        animation: google.maps.Animation.DROP,\r\n                        position: gmap_location_kd69f9f58cc4cd8,\r\n                        icon: \"https:\/\/animaliadeza.es\/wp-content\/uploads\/2017\/06\/map-marker.png\"\r\n                        });\r\n                      google.maps.event.addListener(marker_kd69f9f58cc4cd8, \"click\", function() {\r\n                        window.open(marker_kd69f9f58cc4cd8.url);\r\n                      });\r\n                      var styledMapOptions = {\r\n                        name: \"Animalia Deza\"\r\n                      };\r\n                      var customMapType_kd69f9f58cc4cd8 = new google.maps.StyledMapType(featureOpts, styledMapOptions);\r\n                      map_kd69f9f58cc4cd8.mapTypes.set(GMAP_MODULE_kd69f9f58cc4cd8, customMapType_kd69f9f58cc4cd8);\r\n                      }\r\n                      jQuery(window).on(\"load\", function() {\r\n                        initKdMap_kd69f9f58cc4cd8();\r\n                      });\r\n                  <\/script><div class=\"contact-map-container left_info_panel\" style=\"height: 500px;\"><div class=\"business-info-wrapper\">\r\n                        <div class=\"business-info-header\"><h4>Animalia Deza Centro Veterinario<\/h4><address><span class=\"business-address-row\"><i class=\"fa iconsmind-Map-Marker2\"><\/i><span class=\"address-overflow\">R\u00faa Alcalde Ferreiro, 18 Bajo - 36500 Lal\u00edn<\/span><\/span><span class=\"business-phone-row\"><i class=\"fa iconsmind-Telephone\"><\/i><a href=\"tel:986791879\">986791879<\/a><\/span><span class=\"business-email-row\"><i class=\"fa iconsmind-Mail\"><\/i><a href=\"mailto:veterinarios@animaliadeza.es\">veterinarios@animaliadeza.es<\/a><\/span><\/address>\r\n                        <\/div>\r\n                        <div class=\"business-info-schedule\">\r\n                            <h4>Nuestro horario<\/h4><div class=\"business-info-day\"><span class=\"business-info-day-name\">De lunes a viernes<\/span><span class=\"business-info-day-hours\">De 10.00 a 13.30 y de 17.00 a 20.30h<\/span><\/div><div class=\"business-info-day\"><span class=\"business-info-day-name\">S\u00e1bados<\/span><span class=\"business-info-day-hours\">De 10.00 a 14.00h<\/span><\/div><div class=\"business-info-day\"><\/div><\/div>\r\n                    <\/div><div id=\"kd69f9f58cc4cd8\" class=\"kd_map\" style=\"height: 500px;\"><\/div>\r\n\r\n            <\/div><\/div><\/div><\/div><\/div>\n<\/section>","protected":false},"excerpt":{"rendered":"\u00bfD\u00f3nde estamos?Puedes contactar con nosotros a trav\u00e9s de los siguientes m\u00e9todos: Cl\u00ednica: 986 79 18 79 Urgencias: 636 83 53 40 veterinarios@animaliadeza.com R\u00faa [...]","protected":false},"author":1,"featured_media":2851,"parent":0,"menu_order":0,"comment_status":"closed","ping_status":"closed","template":"","meta":{"footnotes":""},"class_list":["post-2481","page","type-page","status-publish","has-post-thumbnail","hentry"],"yoast_head":"<!-- This site is optimized with the Yoast SEO plugin v21.5 - https:\/\/yoast.com\/wordpress\/plugins\/seo\/ -->\n<title>Contacto - Animalia Deza Centro Veterinario - Veterinario en Lal\u00edn<\/title>\n<meta name=\"robots\" content=\"index, follow, max-snippet:-1, max-image-preview:large, max-video-preview:-1\" \/>\n<link rel=\"canonical\" href=\"https:\/\/animaliadeza.es\/en\/contacto\/\" \/>\n<meta property=\"og:locale\" content=\"en_GB\" \/>\n<meta property=\"og:type\" content=\"article\" \/>\n<meta property=\"og:title\" content=\"Contacto - Animalia Deza Centro Veterinario - Veterinario en Lal\u00edn\" \/>\n<meta property=\"og:url\" content=\"https:\/\/animaliadeza.es\/en\/contacto\/\" \/>\n<meta property=\"og:site_name\" content=\"Animalia Deza Centro Veterinario - Veterinario en Lal\u00edn\" \/>\n<meta property=\"article:modified_time\" content=\"2025-05-20T11:03:07+00:00\" \/>\n<meta property=\"og:image\" content=\"https:\/\/animaliadeza.es\/wp-content\/uploads\/2023\/04\/parallax1.jpg\" \/>\n\t<meta property=\"og:image:width\" content=\"1920\" \/>\n\t<meta property=\"og:image:height\" content=\"300\" \/>\n\t<meta property=\"og:image:type\" content=\"image\/jpeg\" \/>\n<meta name=\"twitter:card\" content=\"summary_large_image\" \/>\n<meta name=\"twitter:label1\" content=\"Estimated reading time\" \/>\n\t<meta name=\"twitter:data1\" content=\"1 minute\" \/>\n<script type=\"application\/ld+json\" class=\"yoast-schema-graph\">{\"@context\":\"https:\/\/schema.org\",\"@graph\":[{\"@type\":\"WebPage\",\"@id\":\"https:\/\/animaliadeza.es\/contacto\/\",\"url\":\"https:\/\/animaliadeza.es\/contacto\/\",\"name\":\"Contacto - Animalia Deza Centro Veterinario - Veterinario en Lal\u00edn\",\"isPartOf\":{\"@id\":\"https:\/\/animaliadeza.es\/#website\"},\"datePublished\":\"2017-06-24T11:59:55+00:00\",\"dateModified\":\"2025-05-20T11:03:07+00:00\",\"breadcrumb\":{\"@id\":\"https:\/\/animaliadeza.es\/contacto\/#breadcrumb\"},\"inLanguage\":\"en-GB\",\"potentialAction\":[{\"@type\":\"ReadAction\",\"target\":[\"https:\/\/animaliadeza.es\/contacto\/\"]}]},{\"@type\":\"BreadcrumbList\",\"@id\":\"https:\/\/animaliadeza.es\/contacto\/#breadcrumb\",\"itemListElement\":[{\"@type\":\"ListItem\",\"position\":1,\"name\":\"Portada\",\"item\":\"https:\/\/animaliadeza.es\/\"},{\"@type\":\"ListItem\",\"position\":2,\"name\":\"Contacto\"}]},{\"@type\":\"WebSite\",\"@id\":\"https:\/\/animaliadeza.es\/#website\",\"url\":\"https:\/\/animaliadeza.es\/\",\"name\":\"Animalia Deza Centro Veterinario - Veterinario en Lal\u00edn\",\"description\":\"Descubra los servicios veterinarios de nuestra cl\u00ednica veterinaria en Lal\u00edn. Conf\u00ede en Animalia, su centro veterinario para perros y gatos en Lal\u00edn.\",\"potentialAction\":[{\"@type\":\"SearchAction\",\"target\":{\"@type\":\"EntryPoint\",\"urlTemplate\":\"https:\/\/animaliadeza.es\/?s={search_term_string}\"},\"query-input\":\"required name=search_term_string\"}],\"inLanguage\":\"en-GB\"}]}<\/script>\n<!-- \/ Yoast SEO plugin. -->","yoast_head_json":{"title":"Contact - Animalia Deza Veterinary Center - Veterinarian in Lal\u00edn","robots":{"index":"index","follow":"follow","max-snippet":"max-snippet:-1","max-image-preview":"max-image-preview:large","max-video-preview":"max-video-preview:-1"},"canonical":"https:\/\/animaliadeza.es\/en\/contacto\/","og_locale":"en_GB","og_type":"article","og_title":"Contacto - Animalia Deza Centro Veterinario - Veterinario en Lal\u00edn","og_url":"https:\/\/animaliadeza.es\/en\/contacto\/","og_site_name":"Animalia Deza Centro Veterinario - Veterinario en Lal\u00edn","article_modified_time":"2025-05-20T11:03:07+00:00","og_image":[{"width":1920,"height":300,"url":"https:\/\/animaliadeza.es\/wp-content\/uploads\/2023\/04\/parallax1.jpg","type":"image\/jpeg"}],"twitter_card":"summary_large_image","twitter_misc":{"Estimated reading time":"1 minute"},"schema":{"@context":"https:\/\/schema.org","@graph":[{"@type":"WebPage","@id":"https:\/\/animaliadeza.es\/contacto\/","url":"https:\/\/animaliadeza.es\/contacto\/","name":"Contact - Animalia Deza Veterinary Center - Veterinarian in Lal\u00edn","isPartOf":{"@id":"https:\/\/animaliadeza.es\/#website"},"datePublished":"2017-06-24T11:59:55+00:00","dateModified":"2025-05-20T11:03:07+00:00","breadcrumb":{"@id":"https:\/\/animaliadeza.es\/contacto\/#breadcrumb"},"inLanguage":"en-GB","potentialAction":[{"@type":"ReadAction","target":["https:\/\/animaliadeza.es\/contacto\/"]}]},{"@type":"BreadcrumbList","@id":"https:\/\/animaliadeza.es\/contacto\/#breadcrumb","itemListElement":[{"@type":"ListItem","position":1,"name":"Portada","item":"https:\/\/animaliadeza.es\/"},{"@type":"ListItem","position":2,"name":"Contacto"}]},{"@type":"WebSite","@id":"https:\/\/animaliadeza.es\/#website","url":"https:\/\/animaliadeza.es\/","name":"Animalia Deza Veterinary Center - Veterinarian in Lal\u00edn","description":"Discover the veterinary services of our veterinary clinic in Lal\u00edn. Trust Animalia, your veterinary center for dogs and cats in Lal\u00edn.","potentialAction":[{"@type":"SearchAction","target":{"@type":"EntryPoint","urlTemplate":"https:\/\/animaliadeza.es\/?s={search_term_string}"},"query-input":"required name=search_term_string"}],"inLanguage":"en-GB"}]}},"_links":{"self":[{"href":"https:\/\/animaliadeza.es\/en\/wp-json\/wp\/v2\/pages\/2481","targetHints":{"allow":["GET"]}}],"collection":[{"href":"https:\/\/animaliadeza.es\/en\/wp-json\/wp\/v2\/pages"}],"about":[{"href":"https:\/\/animaliadeza.es\/en\/wp-json\/wp\/v2\/types\/page"}],"author":[{"embeddable":true,"href":"https:\/\/animaliadeza.es\/en\/wp-json\/wp\/v2\/users\/1"}],"replies":[{"embeddable":true,"href":"https:\/\/animaliadeza.es\/en\/wp-json\/wp\/v2\/comments?post=2481"}],"version-history":[{"count":13,"href":"https:\/\/animaliadeza.es\/en\/wp-json\/wp\/v2\/pages\/2481\/revisions"}],"predecessor-version":[{"id":2886,"href":"https:\/\/animaliadeza.es\/en\/wp-json\/wp\/v2\/pages\/2481\/revisions\/2886"}],"wp:featuredmedia":[{"embeddable":true,"href":"https:\/\/animaliadeza.es\/en\/wp-json\/wp\/v2\/media\/2851"}],"wp:attachment":[{"href":"https:\/\/animaliadeza.es\/en\/wp-json\/wp\/v2\/media?parent=2481"}],"curies":[{"name":"wp","href":"https:\/\/api.w.org\/{rel}","templated":true}]}}